{"id":91,"date":"2017-02-24T10:28:10","date_gmt":"2017-02-24T09:28:10","guid":{"rendered":"http:\/\/zahnarzt.ashkan.de\/?page_id=91"},"modified":"2022-12-21T14:07:04","modified_gmt":"2022-12-21T13:07:04","slug":"impressum","status":"publish","type":"page","link":"\/impressum\/","title":{"rendered":"Impressum"},"content":{"rendered":"<p>[vc_row][vc_column][vc_column_text]<\/p>\n<h2>Informationen \u00fcber uns &#8211; Zahn\u00e4rzte M\u00fcnchen Altstadt (Innenstadt)<\/h2>\n<p>[\/vc_column_text][\/vc_column][\/vc_row][vc_row][vc_column][vc_column_text]Landeszahn\u00e4rztekammer<br \/>\nFallstra\u00dfe 34<br \/>\n81369 M\u00fcnchen<br \/>\nwww.blzk.de<\/p>\n<p>Die zust\u00e4ndige Aufsichtsbeh\u00f6rde im vertragszahn\u00e4rztlichen Bereich ist die<\/p>\n<p><a href=\"https:\/\/www.kzvb.de\/kzvb\/\"><img decoding=\"async\" class=\"size-full wp-image-1843 alignnone\" src=\"\/wp-content\/uploads\/static-export\/wp-content\/uploads\/2018\/05\/kzvb_logo.jpg\" alt=\"\" width=\"80\" height=\"68\" \/><\/a><\/p>\n<p>Kassenzahn\u00e4rztliche Vereinigung Bayerns<\/p>\n<p>Fallstra\u00dfe 34<br \/>\n81369 M\u00fcnchen<br \/>\noder<br \/>\nPostfach 70 10 68<br \/>\n81310 M\u00fcnchen<\/p>\n<p>Die Berufsordnung f\u00fcr bayerische Zahn\u00e4rzte, Zahnheilkundegesetz, Heilberufe-Kammergesetz, Geb\u00fchrenordnung f\u00fcr Zahn\u00e4rzte als Bezeichnung der berufsrechtlichen Regelungen sowie deren Fundstellen im betreffenden Bekanntmachungsorgan sind unter www.blzk.de einzusehen.<\/p>\n<p>Die Umsatzsteuer-Identifikationsnummer f\u00fcr das Praxislabor lautet:<br \/>\n9\/147\/22\/16274<\/p>\n<p><strong>Verantwortlich f\u00fcr den Inhalt<\/strong><br \/>\nDr. Sasan Harun-Mahdavi<br \/>\nSteinsdorfstr. 13 Altstadt<br \/>\n80538 M\u00fcnchen<\/p>\n<p><strong>Rechtliche Hinweise<\/strong><br \/>\nDie Verwertung, Vervielf\u00e4ltigung oder Verbreitung jeglicher Inhalte in originaler bzw. abge\u00e4nderter Form ist ohne schriftliche Genehmigung nicht zugelassen und strafbar.<\/p>\n<p><strong>Links<\/strong><br \/>\nAuf unserer Homepage befinden sich Links zu anderen Internetseiten.<br \/>\nF\u00fcr die Inhalte der verlinkten Internetseiten \u00fcbernehmen wir ausdr\u00fccklich keine Verantwortung. Wir sind nicht zur Pr\u00fcfung dieser Links verpflichtet und \u00fcbernehmen keinerlei Haftung!<\/p>\n<h3 class=\"fittexted_for_content_h2\">Streitschlichtung<\/h3>\n<p>Die Europ\u00e4ische Kommission stellt eine Plattform zur Online- Streitbeilegung (OS) bereit:\u00a0https:\/\/ec.europa.eu\/consumers\/odr\u00a0Unsere E-Mail-Adresse finden Sie oben im Impressum.<\/p>\n<p>Wir sind nicht bereit oder verpflichtet, an Streitbeilegungsverfahren vor einer Verbraucherschlichtungsstelle teilzunehmen.<\/p>\n<p class=\"fittexted_for_content_h2\"><strong>Haftung f\u00fcr Inhalte<\/strong><\/p>\n<p>Als Diensteanbieter sind wir gem\u00e4\u00df \u00a7 7 Abs.1 TMG f\u00fcr eigene Inhalte auf diesen Seiten nach den allgemeinen Gesetzen verantwortlich. Nach \u00a7\u00a7 8 bis 10 TMG sind wir als Diensteanbieter jedoch nicht verpflichtet, \u00fcbermittelte oder gespeicherte fremde Informationen zu \u00fcberwachen oder nach Umst\u00e4nden zu forschen, die auf eine rechtswidrige T\u00e4tigkeit hinweisen.<\/p>\n<p>Verpflichtungen zur Entfernung oder Sperrung der Nutzung von Informationen nach den allgemeinen Gesetzen bleiben hiervon unber\u00fchrt. Eine diesbez\u00fcgliche Haftung ist jedoch erst ab dem Zeitpunkt der Kenntnis einer konkreten Rechtsverletzung m\u00f6glich. Bei Bekanntwerden von entsprechenden Rechtsverletzungen werden wir diese Inhalte umgehend entfernen.<\/p>\n<p class=\"fittexted_for_content_h2\"><strong>Haftung f\u00fcr Links<\/strong><\/p>\n<p>Unser Angebot enth\u00e4lt Links zu externen Websites Dritter, auf deren Inhalte wir keinen Einfluss haben. Deshalb k\u00f6nnen wir f\u00fcr diese fremden Inhalte auch keine Gew\u00e4hr \u00fcbernehmen. F\u00fcr die Inhalte der verlinkten Seiten ist stets der jeweilige Anbieter oder Betreiber der Seiten verantwortlich. Die verlinkten Seiten wurden zum Zeitpunkt der Verlinkung auf m\u00f6gliche Rechtsverst\u00f6\u00dfe \u00fcberpr\u00fcft. Rechtswidrige Inhalte waren zum Zeitpunkt der Verlinkung nicht erkennbar.<\/p>\n<p>Eine permanente inhaltliche Kontrolle der verlinkten Seiten ist jedoch ohne konkrete Anhaltspunkte einer Rechtsverletzung nicht zumutbar. Bei Bekanntwerden von Rechtsverletzungen werden wir derartige Links umgehend entfernen.<\/p>\n<p class=\"fittexted_for_content_h2\"><strong>Urheberrecht<\/strong><\/p>\n<p>Die durch die Seitenbetreiber erstellten Inhalte und Werke auf diesen Seiten unterliegen dem deutschen Urheberrecht. Die Vervielf\u00e4ltigung, Bearbeitung, Verbreitung und jede Art der Verwertung au\u00dferhalb der Grenzen des Urheberrechtes bed\u00fcrfen der schriftlichen Zustimmung des jeweiligen Autors bzw. Erstellers. Downloads und Kopien dieser Seite sind nur f\u00fcr<br \/>\nden privaten, nicht kommerziellen Gebrauch gestattet.<\/p>\n<p>Soweit die Inhalte auf dieser Seite nicht vom Betreiber erstellt wurden, werden die Urheberrechte Dritter beachtet. Insbesondere werden Inhalte Dritter als solche gekennzeichnet.\u00a0 Sollten Sie trotzdem auf eine Urheberrechtsverletzung aufmerksam werden, bitten wir um einen entsprechenden Hinweis. Bei Bekanntwerden von Rechtsverletzungen werden wir derartige Inhalte umgehend entfernen.<\/p>\n<p>Quelle:\u00a0https:\/\/www.e-recht24.de[\/vc_column_text][\/vc_column][\/vc_row][vc_row][vc_column][vc_column_text][\/vc_column_text][\/vc_column][\/vc_row]<\/p>\n","protected":false},"excerpt":{"rendered":"<p>[vc_row][vc_column][vc_column_text] Informationen \u00fcber uns &#8211; Zahn\u00e4rzte M\u00fcnchen Altstadt (Innenstadt) [\/vc_column_text][\/vc_column][\/vc_row][vc_row][vc_column][vc_column_text]Landeszahn\u00e4rztekammer Fallstra\u00dfe 34 81369 M\u00fcnchen www.blzk.de Die zust\u00e4ndige Aufsichtsbeh\u00f6rde im vertragszahn\u00e4rztlichen Bereich ist die Kassenzahn\u00e4rztliche Vereinigung Bayerns Fallstra\u00dfe 34 81369 M\u00fcnchen oder Postfach 70 10 68 81310 M\u00fcnchen Die Berufsordnung f\u00fcr bayerische Zahn\u00e4rzte, Zahnheilkundegesetz, Heilberufe-Kammergesetz, Geb\u00fchrenordnung f\u00fcr Zahn\u00e4rzte als Bezeichnung der berufsrechtlichen Regelungen sowie deren Fundstellen [&hellip;]<\/p>\n","protected":false},"author":2,"featured_media":0,"parent":0,"menu_order":0,"comment_status":"closed","ping_status":"open","template":"","meta":{"footnotes":""},"rttpg_featured_image_url":null,"rttpg_author":{"display_name":"Zahnarzt","author_link":"\/zahnarzt-lehel-altstadt\/author\/zahnarzt\/"},"rttpg_comment":0,"rttpg_category":null,"rttpg_excerpt":"[vc_row][vc_column][vc_column_text] Informationen \u00fcber uns &#8211; Zahn\u00e4rzte M\u00fcnchen Altstadt (Innenstadt) [\/vc_column_text][\/vc_column][\/vc_row][vc_row][vc_column][vc_column_text]Landeszahn\u00e4rztekammer Fallstra\u00dfe 34 81369 M\u00fcnchen www.blzk.de Die zust\u00e4ndige Aufsichtsbeh\u00f6rde im vertragszahn\u00e4rztlichen Bereich ist die Kassenzahn\u00e4rztliche Vereinigung Bayerns Fallstra\u00dfe 34 81369 M\u00fcnchen oder Postfach 70 10 68 81310 M\u00fcnchen Die Berufsordnung f\u00fcr bayerische Zahn\u00e4rzte, Zahnheilkundegesetz, Heilberufe-Kammergesetz, Geb\u00fchrenordnung f\u00fcr Zahn\u00e4rzte als Bezeichnung der berufsrechtlichen Regelungen sowie deren Fundstellen&hellip;","_links":{"self":[{"href":"\/wp-content\/uploads\/static-export\/wp-json\/wp\/v2\/pages\/91"}],"collection":[{"href":"\/wp-content\/uploads\/static-export\/wp-json\/wp\/v2\/pages"}],"about":[{"href":"\/wp-content\/uploads\/static-export\/wp-json\/wp\/v2\/types\/page"}],"author":[{"embeddable":true,"href":"\/wp-content\/uploads\/static-export\/wp-json\/wp\/v2\/users\/2"}],"replies":[{"embeddable":true,"href":"\/wp-content\/uploads\/static-export\/wp-json\/wp\/v2\/comments?post=91"}],"version-history":[{"count":27,"href":"\/wp-content\/uploads\/static-export\/wp-json\/wp\/v2\/pages\/91\/revisions"}],"predecessor-version":[{"id":3629,"href":"\/wp-content\/uploads\/static-export\/wp-json\/wp\/v2\/pages\/91\/revisions\/3629"}],"wp:attachment":[{"href":"\/wp-content\/uploads\/static-export\/wp-json\/wp\/v2\/media?parent=91"}],"curies":[{"name":"wp","href":"https:\/\/api.w.org\/{rel}","templated":true}]}}