{"id":2421,"date":"2019-09-10T12:06:46","date_gmt":"2019-09-10T10:06:46","guid":{"rendered":"\/?page_id=2421"},"modified":"2020-03-05T13:00:41","modified_gmt":"2020-03-05T12:00:41","slug":"kaugummi-kauen-von-vorteil","status":"publish","type":"page","link":"\/kaugummi-kauen-von-vorteil\/","title":{"rendered":"Kaugummi kauen von Vorteil?"},"content":{"rendered":"<p>[vc_row][vc_column width=&#8220;2\/3&#8243; css=&#8220;.vc_custom_1488328014259{margin-right: 15px !important;}&#8220;][vc_column_text]<\/p>\n<h1>Was ein Kaugummi kann und was nicht<\/h1>\n<p>Den Kaugummi zu kauen bringt einige Fragen mit sich. Diese Fragen und die dazugeh\u00f6rigen Antwortden haben wir in diesem Beitrag f\u00fcr Sie zusammengefasst.<\/p>\n<h3>Kann Kaugummi kauen das Z\u00e4hneputzen ersetzen?<\/h3>\n<p>Kaugummis k\u00f6nnen nicht das Z\u00e4hneputzen ersetzen, sie reinigen lediglich die Zahnzwischenr\u00e4ume von Speiseresten und regen den Speichelfluss an, welcher nach dem Essen den Mineralverlust ausgleich.<\/p>\n<h3>Kaugummi kann Karies verursachen?<\/h3>\n<p>Laut Zahn\u00e4rzten k\u00f6nnen zuckerfreie Kaugummis kein Karies verursachen, da der meist verwendete Zuckeraustauschstoff Xylit nicht zu S\u00e4uren verarbeitet werden kann, welche die Mineralien aus dem Zahnschmelz herausl\u00f6sen.[\/vc_column_text][\/vc_column][vc_column width=&#8220;1\/3&#8243; css=&#8220;.vc_custom_1488328019844{margin-left: 15px !important;}&#8220;][vc_column_text]<img decoding=\"async\" class=\"alignleft wp-image-2423\" src=\"\/wp-content\/uploads\/static-export\/wp-content\/uploads\/2019\/09\/chewing-gum-2721336_1920-1024x576.jpg\" alt=\"\" width=\"675\" height=\"380\" \/>[\/vc_column_text][\/vc_column][\/vc_row][vc_row][vc_column][vc_separator][\/vc_column][\/vc_row][vc_row][vc_column][vc_column_text]<\/p>\n<h3>Z\u00e4hne wieder aufhellen?<\/h3>\n<p>Verf\u00e4rbungen k\u00f6nnen meistens nicht einmal durch gr\u00fcndliches Z\u00e4hneputzen beseitigt werden, weshalb von Zahn\u00e4rzten erl\u00e4utert wird, dass selbst Zahnpflegekaugummis nicht einmal den normalen Zahnbelag ausreichend entfernen k\u00f6nnen. Um die Z\u00e4hne aufzuhellen sollte man deshalb lieber einen Zahnarzt aufsuchen, der durch eine professionelle Zahnreinigung oder durch Bleaching einiges an der Helligkeit der Z\u00e4hne machen kann.<\/p>\n<h3>Durch das Herunterschlucken sch\u00e4digen?<\/h3>\n<p>Das Herunterschlucken von einzelnen Kaugummis ist nicht sch\u00e4dlich, es sollte aber nicht zu oft passieren, wurde von \u00c4rzten aufgekl\u00e4rt.<\/p>\n<h3>Kaugummikauen statt Fitnessstudio?<\/h3>\n<p>Schlanker wird man dadurch nicht, allerdings werden innerhalb von einer Stunde Kaugummikauen 11 Kalorien verbrannt, da der Stoffwechsel um 20 Prozent erh\u00f6ht wird.[\/vc_column_text][\/vc_column][\/vc_row][vc_row][vc_column][vc_separator][\/vc_column][\/vc_row][vc_row][vc_column][vc_custom_heading text=&#8220;Wir beraten Sie gerne!&#8220; font_container=&#8220;tag:h4|text_align:left&#8220; use_theme_fonts=&#8220;yes&#8220;][\/vc_column][\/vc_row][vc_row][vc_column][vc_column_text]Grunds\u00e4tzlich sind Kaugummis nicht schlecht f\u00fcr die Z\u00e4hne, gerne beraten wir Sie dar\u00fcber! Kontaktieren Sie uns hierf\u00fcr ganz einfach \u00fcber das <a href=\"\/kontakt-zahnarzt-altstadt-lehel\/\">Kontaktformular<\/a>.<\/p>\n<p>Praxis f\u00fcr Mund-, Kiefer und Zahnheilkunde<br \/>\nSteinsdorfstr. 13<br \/>\n80538 M\u00fcnchen<br \/>\nTel.: 089 216 33 90[\/vc_column_text][\/vc_column][\/vc_row]<\/p>\n","protected":false},"excerpt":{"rendered":"<p>[vc_row][vc_column width=&#8220;2\/3&#8243; css=&#8220;.vc_custom_1488328014259{margin-right: 15px !important;}&#8220;][vc_column_text] Was ein Kaugummi kann und was nicht Den Kaugummi zu kauen bringt einige Fragen mit sich. Diese Fragen und die dazugeh\u00f6rigen Antwortden haben wir in diesem Beitrag f\u00fcr Sie zusammengefasst. Kann Kaugummi kauen das Z\u00e4hneputzen ersetzen? Kaugummis k\u00f6nnen nicht das Z\u00e4hneputzen ersetzen, sie reinigen lediglich die Zahnzwischenr\u00e4ume von Speiseresten und [&hellip;]<\/p>\n","protected":false},"author":2,"featured_media":2423,"parent":0,"menu_order":0,"comment_status":"closed","ping_status":"open","template":"","meta":{"footnotes":""},"rttpg_featured_image_url":{"full":["\/wp-content\/uploads\/static-export\/wp-content\/uploads\/2019\/09\/chewing-gum-2721336_1920.jpg",1920,1080,false],"landscape":["\/wp-content\/uploads\/static-export\/wp-content\/uploads\/2019\/09\/chewing-gum-2721336_1920.jpg",1920,1080,false],"portraits":["\/wp-content\/uploads\/static-export\/wp-content\/uploads\/2019\/09\/chewing-gum-2721336_1920.jpg",1920,1080,false],"thumbnail":["\/wp-content\/uploads\/static-export\/wp-content\/uploads\/2019\/09\/chewing-gum-2721336_1920-150x150.jpg",150,150,true],"medium":["\/wp-content\/uploads\/static-export\/wp-content\/uploads\/2019\/09\/chewing-gum-2721336_1920-300x169.jpg",300,169,true],"large":["\/wp-content\/uploads\/static-export\/wp-content\/uploads\/2019\/09\/chewing-gum-2721336_1920-1024x576.jpg",1024,576,true],"1536x1536":["\/wp-content\/uploads\/static-export\/wp-content\/uploads\/2019\/09\/chewing-gum-2721336_1920.jpg",1536,864,false],"2048x2048":["\/wp-content\/uploads\/static-export\/wp-content\/uploads\/2019\/09\/chewing-gum-2721336_1920.jpg",1920,1080,false]},"rttpg_author":{"display_name":"Zahnarzt","author_link":"\/zahnarzt-lehel-altstadt\/author\/zahnarzt\/"},"rttpg_comment":0,"rttpg_category":null,"rttpg_excerpt":"[vc_row][vc_column width=&#8220;2\/3&#8243; css=&#8220;.vc_custom_1488328014259{margin-right: 15px !important;}&#8220;][vc_column_text] Was ein Kaugummi kann und was nicht Den Kaugummi zu kauen bringt einige Fragen mit sich. Diese Fragen und die dazugeh\u00f6rigen Antwortden haben wir in diesem Beitrag f\u00fcr Sie zusammengefasst. Kann Kaugummi kauen das Z\u00e4hneputzen ersetzen? Kaugummis k\u00f6nnen nicht das Z\u00e4hneputzen ersetzen, sie reinigen lediglich die Zahnzwischenr\u00e4ume von Speiseresten und&hellip;","_links":{"self":[{"href":"\/wp-content\/uploads\/static-export\/wp-json\/wp\/v2\/pages\/2421"}],"collection":[{"href":"\/wp-content\/uploads\/static-export\/wp-json\/wp\/v2\/pages"}],"about":[{"href":"\/wp-content\/uploads\/static-export\/wp-json\/wp\/v2\/types\/page"}],"author":[{"embeddable":true,"href":"\/wp-content\/uploads\/static-export\/wp-json\/wp\/v2\/users\/2"}],"replies":[{"embeddable":true,"href":"\/wp-content\/uploads\/static-export\/wp-json\/wp\/v2\/comments?post=2421"}],"version-history":[{"count":9,"href":"\/wp-content\/uploads\/static-export\/wp-json\/wp\/v2\/pages\/2421\/revisions"}],"predecessor-version":[{"id":2744,"href":"\/wp-content\/uploads\/static-export\/wp-json\/wp\/v2\/pages\/2421\/revisions\/2744"}],"wp:featuredmedia":[{"embeddable":true,"href":"\/wp-content\/uploads\/static-export\/wp-json\/wp\/v2\/media\/2423"}],"wp:attachment":[{"href":"\/wp-content\/uploads\/static-export\/wp-json\/wp\/v2\/media?parent=2421"}],"curies":[{"name":"wp","href":"https:\/\/api.w.org\/{rel}","templated":true}]}}