{"id":1671,"date":"2018-05-22T14:27:11","date_gmt":"2018-05-22T12:27:11","guid":{"rendered":"http:\/\/lehel.solutions.codes\/?page_id=1671"},"modified":"2023-11-14T17:40:53","modified_gmt":"2023-11-14T16:40:53","slug":"zahnersatz-3","status":"publish","type":"page","link":"\/zahnersatz-3\/","title":{"rendered":"Zahnersatz"},"content":{"rendered":"<p>[vc_row][vc_column][vc_column_text]<\/p>\n<h1 style=\"text-align: center;\"><strong>Zahnersatz und Zahnprothesen<\/strong><\/h1>\n<p>[\/vc_column_text][\/vc_column][\/vc_row][vc_row][vc_column][vc_column_text]<\/p>\n<p style=\"text-align: center;\">Unter dem Begriff Zahnersatz ist sowohl der Ersatz fehlender nat\u00fcrlicher Z\u00e4hne als auch der Ersatz fehlender nat\u00fcrlicher Zahnsubstanz, wenn z.B. ein Zahn stark zerst\u00f6rt jedoch noch erhaltungsw\u00fcrdig ist, zusammengefasst. Zahnersatz kann festsitzend (Kronen, Br\u00fccken) oder herausnehmbar sein (Teleskopprothesen, Teilprothesen, Totalprothesen).<\/p>\n<h2 style=\"text-align: center;\">Festsitzender Zahnersatz<\/h2>\n<figure id=\"attachment_1672\" aria-describedby=\"caption-attachment-1672\" style=\"width: 150px\" class=\"wp-caption aligncenter\"><img decoding=\"async\" class=\"wp-image-1672\" title=\"Zahnersatz\" src=\"\/wp-content\/uploads\/static-export\/wp-content\/uploads\/2018\/05\/Krone_4-1-250x300.jpg\" alt=\"Festsitzender Zahnersatz\" width=\"150\" height=\"180\" \/><figcaption id=\"caption-attachment-1672\" class=\"wp-caption-text\">Festsitzender Zahnersatz aus Keramik<\/figcaption><\/figure>\n<h3 style=\"padding-left: 30px; text-align: center;\"><strong>Kronen<\/strong><\/h3>\n<p style=\"padding-left: 30px; text-align: center;\">Mittels einer Krone wird die Form, Funktion und Farbe eines Zahnes wiederhergestellt. Der zuvor vorbehandelte Zahn wird rundherum so beschliffen (pr\u00e4pariert), dass der Zahntechniker im Labor den Zahn wiederaufbauen kann. Der beschliffene Zahn wird bis zum n\u00e4chsten Termin provisorisch versorgt. Die fertige Krone wird beim n\u00e4chsten Termin vom Zahnarzt fest auf den Zahn geklebt oder zementiert.<\/p>\n<figure id=\"attachment_1673\" aria-describedby=\"caption-attachment-1673\" style=\"width: 150px\" class=\"wp-caption aligncenter\"><img decoding=\"async\" class=\"wp-image-1673\" title=\"Zahnersatz\" src=\"\/wp-content\/uploads\/static-export\/wp-content\/uploads\/2018\/05\/Kronen_5-226x300.jpg\" alt=\"zahnarzt muenchen\" width=\"150\" height=\"200\" \/><figcaption id=\"caption-attachment-1673\" class=\"wp-caption-text\">Zahn-Ersatz<\/figcaption><\/figure>\n<p style=\"padding-left: 30px; text-align: center;\">In unserer Praxis verwenden wir nach M\u00f6glichkeit Vollkeramik. Sie bietet die hochwertigste L\u00f6sung, durch ihre hohe Gewebevertr\u00e4glichkeit, \u00c4sthetik, Funktionalit\u00e4t und Mundbest\u00e4ndigkeit. Durch die nat\u00fcrliche Farbe und Transluzenz von Keramiken lassen sich vollkeramisch \u00fcberkronte Z\u00e4hne kaum noch von gesunden Z\u00e4hnen unterscheiden. Vollkeramikkronen sind sowohl bei Seitenz\u00e4hnen als auch im \u00e4sthetisch anspruchsvollen Frontzahnbereich m\u00f6glich.<\/p>\n<p style=\"text-align: center;\">In unserem modern ausgestatteten Zahntechniklabor werden hochwertige Kronen und Br\u00fccken aus Vollkeramik u.a. mittels CEREC (ein CAD\/CAM-Verfahren) hergestellt.<\/p>\n<figure id=\"attachment_1674\" aria-describedby=\"caption-attachment-1674\" style=\"width: 300px\" class=\"wp-caption aligncenter\"><img decoding=\"async\" class=\"wp-image-1674 size-medium\" title=\"Zahnersatz\" src=\"\/wp-content\/uploads\/static-export\/wp-content\/uploads\/2018\/05\/Kronen_7-300x181.jpg\" alt=\"zahnarzt muenchen\" width=\"300\" height=\"181\" \/><figcaption id=\"caption-attachment-1674\" class=\"wp-caption-text\">Zahnprothese<\/figcaption><\/figure>\n<figure id=\"attachment_1675\" aria-describedby=\"caption-attachment-1675\" style=\"width: 228px\" class=\"wp-caption aligncenter\"><img decoding=\"async\" class=\"wp-image-1675\" title=\"Zahnersatz\" src=\"\/wp-content\/uploads\/static-export\/wp-content\/uploads\/2018\/05\/Brcke_1-300x238.jpg\" alt=\"zahnarzt muenchen\" width=\"228\" height=\"181\" \/><figcaption id=\"caption-attachment-1675\" class=\"wp-caption-text\">Zahnkronen<\/figcaption><\/figure>\n<p style=\"text-align: center;\">Dabei werden die Ger\u00fcste computergest\u00fctzt aus Zirkonoxid (emax ZirCAD) gefr\u00e4st und eine Verblendung aus emaxpress in einem sehr aufw\u00e4ndigen Verfahren aufgepresst und im Anschluss mit verschiedenen Methoden individualisiert.<\/p>\n<p style=\"text-align: center;\">Weitere M\u00f6glichkeiten: <a href=\"\/inlays\/\">Zahnarztpraxis Inlays in M\u00fcnchen<\/a><\/p>\n<p>[\/vc_column_text][vc_row_inner][vc_column_inner width=&#8220;1\/2&#8243;][vc_column_text][\/vc_column_text][\/vc_column_inner][vc_column_inner width=&#8220;1\/2&#8243;][vc_column_text][\/vc_column_text][\/vc_column_inner][\/vc_row_inner][vc_column_text]<\/p>\n<h3 style=\"padding-left: 30px; text-align: center;\">Br\u00fccken<\/h3>\n<p style=\"padding-left: 30px; text-align: center;\">Mittels einer Br\u00fccke werden vorhandene Zahnl\u00fccken im Gebiss geschlossen. Mindestens zwei (die L\u00fccke begrenzenden) Z\u00e4hne werden hierbei beschliffen und die in einem St\u00fcck hergestellten Z\u00e4hne werden im Mund fest geklebt bzw. zementiert. Br\u00fccken werden in unserem Labor, genau wie Kronen, m\u00f6glichst aus <strong>Vollkeramik <\/strong>(emax ZirCAD und emax Press) hergestellt.<\/p>\n<h3 style=\"text-align: center;\">Herausnehmbarer Zahnersatz<\/h3>\n<figure id=\"attachment_1677\" aria-describedby=\"caption-attachment-1677\" style=\"width: 200px\" class=\"wp-caption aligncenter\"><img decoding=\"async\" class=\"wp-image-1677\" title=\"Zahnersatz\" src=\"\/wp-content\/uploads\/static-export\/wp-content\/uploads\/2018\/05\/Cercon-Teles-300x157.jpg\" alt=\"zahnarzt muenchen\" width=\"200\" height=\"104\" \/><figcaption id=\"caption-attachment-1677\" class=\"wp-caption-text\">Herausnehmbarer Zahnersatz<\/figcaption><\/figure>\n<p style=\"padding-left: 30px; text-align: center;\"><strong>Teleskopprothesen<\/strong> werden mit sog. <strong>Teleskopen<\/strong> an vorhandenen Z\u00e4hnen verankert. Sie sind die Versorgung der Wahl bei gr\u00f6\u00dferen L\u00fcckengebissen. Teleskopprothesen haben den Vorteil einer gleichm\u00e4\u00dfigen Belastung der Pfeilerz\u00e4hne und sind problemlos erweiterbar bzw. reparierbar.<\/p>\n<p style=\"padding-left: 30px; text-align: center;\">Geschiebe sind Halteelemente f\u00fcr <strong>herausnehmbaren Zahnersatz<\/strong>. Sie werden haupts\u00e4chlich industriell gefertigt und werden in den Zahnersatz fest integriert.<\/p>\n<p style=\"padding-left: 30px; text-align: center;\">Wir beraten Sie gerne um die f\u00fcr Sie optimale Versorgung zu gestalten.<\/p>\n<h3 style=\"padding-left: 30px; text-align: center;\">Totalprothesen (Zahnersatz)<\/h3>\n<p style=\"padding-left: 30px; text-align: center;\">Zahnlose Kiefer werden durch eine Totalprothese mit einem herausnehmbaren Zahnersatz versorgt.<\/p>\n<figure id=\"attachment_1678\" aria-describedby=\"caption-attachment-1678\" style=\"width: 160px\" class=\"wp-caption aligncenter\"><img decoding=\"async\" class=\"wp-image-1678 size-full\" title=\"Totalprothesen (Zahnersatz)\" src=\"\/wp-content\/uploads\/static-export\/wp-content\/uploads\/2018\/05\/Totale.jpg\" alt=\"Totalprothesen (Zahnersatz)\" width=\"160\" height=\"126\" \/><figcaption id=\"caption-attachment-1678\" class=\"wp-caption-text\">Totalprothesen (Zahnersatz)<\/figcaption><\/figure>\n<p>[\/vc_column_text][\/vc_column][\/vc_row][vc_row][vc_column][vc_column_text]<\/p>\n<h4>Wir helfen Ihnen bei der richtigen Wahl der richtigen Zahnprothesen und des Zahnersatzes<\/h4>\n<p><img decoding=\"async\" class=\"alignright wp-image-3328\" title=\"Zahnersatz\" src=\"\/wp-content\/uploads\/static-export\/wp-content\/uploads\/2022\/05\/zahn-ziehen-zahnextration-300x200.jpg\" alt=\"Zahnersatz\" width=\"206\" height=\"137\" \/><\/p>\n<p>Ein strahlendes L\u00e4cheln ist nicht nur \u00e4sthetisch ansprechend, sondern auch ein Indikator f\u00fcr die allgemeine Mundgesundheit. Dennoch sind Zahnausfall, Zahnverlust oder strukturelle Sch\u00e4den keine Seltenheit. In solchen F\u00e4llen wird Zahnersatz zu einer essenziellen L\u00f6sung, um nicht nur die \u00e4sthetischen Aspekte zu bewahren, sondern auch die Funktionen des Gebisses zu erhalten.<\/p>\n<p>Die Bedeutung von Zahnersatz und Zahnprothesen erstreckt sich \u00fcber die rein \u00e4sthetische Komponente hinaus. Ein vollst\u00e4ndiges Gebiss erm\u00f6glicht nicht nur ein selbstbewusstes L\u00e4cheln, sondern tr\u00e4gt auch zu einer optimalen Nahrungsaufnahme und -verdauung bei. Fehlende Z\u00e4hne k\u00f6nnen zu Kiefergelenkproblemen, Sprachschwierigkeiten und einem Ungleichgewicht im Kausystem f\u00fchren. Zahnersatz ist somit nicht nur eine kosmetische Wahl, sondern auch entscheidend f\u00fcr die allgemeine Lebensqualit\u00e4t und das Wohlbefinden.[\/vc_column_text][\/vc_column][\/vc_row][vc_row][vc_column][vc_column_text]<\/p>\n<h4>Die verschiedenen Formen von Zahnersatz<\/h4>\n<p>Verschiedene Formen von Zahnersatz stehen zur Verf\u00fcgung, um den individuellen Bed\u00fcrfnissen gerecht zu werden. Festsitzender Zahnersatz umfasst Kronen, die einzelne Z\u00e4hne abdecken, und Br\u00fccken, die L\u00fccken schlie\u00dfen. Kronen und Br\u00fccken k\u00f6nnen aus verschiedenen Materialien hergestellt werden, wobei Vollkeramik aufgrund ihrer \u00c4sthetik und Biokompatibilit\u00e4t besonders beliebt ist. Herausnehmbarer Zahnersatz, wie Teilprothesen und Totalprothesen, bietet flexiblere L\u00f6sungen, insbesondere wenn mehrere Z\u00e4hne fehlen oder der gesamte Zahnbogen betroffen ist. Unbehandelter Zahnverlust kann schwerwiegende Folgen f\u00fcr die Mundgesundheit haben. Benachbarte Z\u00e4hne neigen dazu, in die L\u00fccken zu wandern, was zu einer Verschiebung der Zahnstellung f\u00fchren kann. Dies kann wiederum zu Problemen im Biss und zu einer ungleichm\u00e4\u00dfigen Belastung der Z\u00e4hne f\u00fchren. Die Ver\u00e4nderungen im Kiefer k\u00f6nnen auch zu einem Verlust der Kieferknochenmasse f\u00fchren, was die Stabilit\u00e4t des gesamten Gebisses gef\u00e4hrdet.<\/p>\n<p>Zus\u00e4tzlich k\u00f6nnen fehlende Z\u00e4hne das Selbstbewusstsein beeintr\u00e4chtigen und soziale Interaktionen belasten. Sprachprobleme und Schwierigkeiten beim Essen k\u00f6nnen die Lebensqualit\u00e4t erheblich beeintr\u00e4chtigen. Deshalb ist es entscheidend, zahn\u00e4rztlichen Rat einzuholen und die geeigneten Ma\u00dfnahmen zur Wiederherstellung der Zahngesundheit zu ergreifen. Die moderne Zahnmedizin bietet fortschrittliche Technologien und Materialien, um hochwertigen Zahnersatz bereitzustellen. CAD\/CAM-Verfahren, wie CEREC, erm\u00f6glichen eine pr\u00e4zise und schnelle Herstellung von Kronen und Br\u00fccken direkt in der Zahnarztpraxis. Dies verk\u00fcrzt nicht nur die Behandlungszeit, sondern gew\u00e4hrleistet auch eine individuelle und passgenaue L\u00f6sung.<\/p>\n<p>In unserer Zahnarztpraxis im Lehel verstehen wir die umfassenden Auswirkungen von Zahnverlust und bieten nicht nur qualitativ hochwertigen Zahnersatz, sondern auch eine ganzheitliche Beratung an. Wir legen gro\u00dfen Wert darauf, nicht nur die Funktionen des Gebisses wiederherzustellen, sondern auch das Selbstvertrauen unserer Patienten zu st\u00e4rken. Vereinbaren Sie einen Beratungstermin, um mehr \u00fcber die verschiedenen Arten von Zahnersatz und deren Bedeutung f\u00fcr Ihre pers\u00f6nliche Mundgesundheit zu erfahren.[\/vc_column_text][\/vc_column][\/vc_row][vc_row][vc_column][vc_column_text]<\/p>\n<h5>Zahnersatz in verschiedenen Materialien<\/h5>\n<p>&nbsp;<\/p>\n<p><img decoding=\"async\" class=\"alignleft wp-image-3807 \" title=\"Zahnersatz Prothese\" src=\"\/wp-content\/uploads\/static-export\/wp-content\/uploads\/zahnersatzprothesen.jpg\" alt=\"Zahnersatz Prothese\" width=\"466\" height=\"289\" \/>In der modernen Zahnmedizin stehen diverse Materialien f\u00fcr Zahnersatz zur Verf\u00fcgung, die sowohl \u00e4sthetische als auch funktionale Anforderungen erf\u00fcllen. Vollkeramik hat sich als beliebte Wahl durchgesetzt, da sie nicht nur \u00e4sthetisch ansprechend ist, sondern auch biokompatibel. Die nat\u00fcrliche Lichtdurchl\u00e4ssigkeit erm\u00f6glicht eine nahtlose Integration in das bestehende Gebiss.<\/p>\n<p>Ein weiteres Material, Zirkonoxid, besticht durch hohe Festigkeit und Langlebigkeit. Es eignet sich besonders f\u00fcr Kronen und Br\u00fccken im Seitenzahnbereich und verleiht dem Zahnersatz eine \u00e4sthetisch ansprechende Optik. Metalllegierungen, wie Gold oder Edelstahl, finden aufgrund ihrer Haltbarkeit Verwendung, vorzugsweise jedoch in nicht sichtbaren Bereichen. Titan, bekannt f\u00fcr seine Biokompatibilit\u00e4t, wird h\u00e4ufig in der Implantologie eingesetzt und bietet eine ausgewogene Kombination aus geringem Gewicht und hoher Stabilit\u00e4t.<\/p>\n<p>Die Auswahl des geeigneten Materials h\u00e4ngt von verschiedenen Faktoren ab, darunter die Position im Gebiss und individuelle \u00e4sthetische Pr\u00e4ferenzen. Moderne Zahnersatzmaterialien erm\u00f6glichen eine ma\u00dfgeschneiderte L\u00f6sung, die nicht nur funktional, sondern auch \u00e4sthetisch \u00fcberzeugend ist.[\/vc_column_text][\/vc_column][\/vc_row]<\/p>\n","protected":false},"excerpt":{"rendered":"<p>[vc_row][vc_column][vc_column_text] Zahnersatz und Zahnprothesen [\/vc_column_text][\/vc_column][\/vc_row][vc_row][vc_column][vc_column_text] Unter dem Begriff Zahnersatz ist sowohl der Ersatz fehlender nat\u00fcrlicher Z\u00e4hne als auch der Ersatz fehlender nat\u00fcrlicher Zahnsubstanz, wenn z.B. ein Zahn stark zerst\u00f6rt jedoch noch erhaltungsw\u00fcrdig ist, zusammengefasst. Zahnersatz kann festsitzend (Kronen, Br\u00fccken) oder herausnehmbar sein (Teleskopprothesen, Teilprothesen, Totalprothesen). Festsitzender Zahnersatz Kronen Mittels einer Krone wird die Form, Funktion [&hellip;]<\/p>\n","protected":false},"author":4,"featured_media":1674,"parent":0,"menu_order":0,"comment_status":"closed","ping_status":"closed","template":"","meta":{"footnotes":""},"rttpg_featured_image_url":{"full":["\/wp-content\/uploads\/static-export\/wp-content\/uploads\/2018\/05\/Kronen_7.jpg",448,270,false],"landscape":["\/wp-content\/uploads\/static-export\/wp-content\/uploads\/2018\/05\/Kronen_7.jpg",448,270,false],"portraits":["\/wp-content\/uploads\/static-export\/wp-content\/uploads\/2018\/05\/Kronen_7.jpg",448,270,false],"thumbnail":["\/wp-content\/uploads\/static-export\/wp-content\/uploads\/2018\/05\/Kronen_7-150x150.jpg",150,150,true],"medium":["\/wp-content\/uploads\/static-export\/wp-content\/uploads\/2018\/05\/Kronen_7-300x181.jpg",300,181,true],"large":["\/wp-content\/uploads\/static-export\/wp-content\/uploads\/2018\/05\/Kronen_7.jpg",448,270,false],"1536x1536":["\/wp-content\/uploads\/static-export\/wp-content\/uploads\/2018\/05\/Kronen_7.jpg",448,270,false],"2048x2048":["\/wp-content\/uploads\/static-export\/wp-content\/uploads\/2018\/05\/Kronen_7.jpg",448,270,false]},"rttpg_author":{"display_name":"redak teur","author_link":"\/zahnarzt-lehel-altstadt\/author\/redakteur\/"},"rttpg_comment":0,"rttpg_category":null,"rttpg_excerpt":"[vc_row][vc_column][vc_column_text] Zahnersatz und Zahnprothesen [\/vc_column_text][\/vc_column][\/vc_row][vc_row][vc_column][vc_column_text] Unter dem Begriff Zahnersatz ist sowohl der Ersatz fehlender nat\u00fcrlicher Z\u00e4hne als auch der Ersatz fehlender nat\u00fcrlicher Zahnsubstanz, wenn z.B. ein Zahn stark zerst\u00f6rt jedoch noch erhaltungsw\u00fcrdig ist, zusammengefasst. Zahnersatz kann festsitzend (Kronen, Br\u00fccken) oder herausnehmbar sein (Teleskopprothesen, Teilprothesen, Totalprothesen). Festsitzender Zahnersatz Kronen Mittels einer Krone wird die Form, Funktion&hellip;","_links":{"self":[{"href":"\/wp-content\/uploads\/static-export\/wp-json\/wp\/v2\/pages\/1671"}],"collection":[{"href":"\/wp-content\/uploads\/static-export\/wp-json\/wp\/v2\/pages"}],"about":[{"href":"\/wp-content\/uploads\/static-export\/wp-json\/wp\/v2\/types\/page"}],"author":[{"embeddable":true,"href":"\/wp-content\/uploads\/static-export\/wp-json\/wp\/v2\/users\/4"}],"replies":[{"embeddable":true,"href":"\/wp-content\/uploads\/static-export\/wp-json\/wp\/v2\/comments?post=1671"}],"version-history":[{"count":24,"href":"\/wp-content\/uploads\/static-export\/wp-json\/wp\/v2\/pages\/1671\/revisions"}],"predecessor-version":[{"id":3809,"href":"\/wp-content\/uploads\/static-export\/wp-json\/wp\/v2\/pages\/1671\/revisions\/3809"}],"wp:featuredmedia":[{"embeddable":true,"href":"\/wp-content\/uploads\/static-export\/wp-json\/wp\/v2\/media\/1674"}],"wp:attachment":[{"href":"\/wp-content\/uploads\/static-export\/wp-json\/wp\/v2\/media?parent=1671"}],"curies":[{"name":"wp","href":"https:\/\/api.w.org\/{rel}","templated":true}]}}