{"id":1614,"date":"2018-05-22T13:39:00","date_gmt":"2018-05-22T11:39:00","guid":{"rendered":"http:\/\/lehel.solutions.codes\/?page_id=1614"},"modified":"2020-03-05T16:42:08","modified_gmt":"2020-03-05T15:42:08","slug":"zahn-und-mundgesundheit","status":"publish","type":"page","link":"\/zahn-und-mundgesundheit\/","title":{"rendered":"Zahn- und Mundgesundheit"},"content":{"rendered":"<h1>Zahn- und Mundgesundheits<\/h1>\n<h2>Was jeder f\u00fcr seine Mundgesundheit tun kann<\/h2>\n<p>Voraussetzung sind die folgenden wichtigen Vorsorge-Bausteine:<\/p>\n<h3 style=\"padding-left: 30px;\"><img decoding=\"async\" class=\"alignright wp-image-1615\" src=\"\/wp-content\/uploads\/static-export\/wp-content\/uploads\/2018\/05\/Zahnbrste_3-300x200.jpg\" alt=\"zahnarzt\" width=\"150\" height=\"100\" \/>Sorgf\u00e4ltige h\u00e4usliche Zahnpflege<\/h3>\n<p style=\"padding-left: 60px;\">Voraussetzung f\u00fcr gesunde Z\u00e4hne ist die richtige und konsequente Zahnpflege ein Leben lang!<br \/>\nDie Z\u00e4hne m\u00fcssen 2x t\u00e4glich gr\u00fcndlich mit einer Zahnb\u00fcrste geputzt werden. Davon mindestens einmal kombiniert mit Zahnseide bzw. Zahnzwischenraumb\u00fcrste.<br \/>\nDa sich auch auf der Zunge viele Bakterien befinden \u2013\u00fcbrigens die Hauptursache f\u00fcr <a href=\"\/mundgeruch\/\">Mundgeruch<\/a> &#8211; sollte mit speziellen B\u00fcrsten der Zungenr\u00fccken gereinigt werden.<br \/>\nZahnb\u00fcrsten sollten sp\u00e4testens alle 2 Monate gewechselt werden, Zahnzwischenraumb\u00fcrsten nicht l\u00e4nger als 1 Woche benutzen.<\/p>\n<p style=\"padding-left: 30px;\">Regelm\u00e4\u00dfige Kontrolluntersuchungen beim Zahnarzt (Zahnfleischkontrolle, Erhebung des Parodontalstatus und <a href=\"\/prophylaxe\/\">professionelle Zahnreinigung<\/a>).<\/p>\n<p style=\"padding-left: 60px;\">Der Zahnarzt sollte mindestens 2x im Jahr zu Kontrolluntersuchungen und zur <a href=\"\/prophylaxe\/\">professionellen Zahnreinigung<\/a> aufgesucht werden.<br \/>\nDer Aufwand f\u00fcr die professionelle Zahnreinigung (Zeit, Geld, M\u00fche, etc.), lohnt sich sowohl f\u00fcr gesunde Z\u00e4hne, als auch im Allgemeinen f\u00fcr die Gesundheit. Denn rechtzeitige Vorsorge beugt nicht nur Zahn- und Zahnfleischerkrankungen (Karies, Parodontitis) vor, sondern senkt wissenschaftlich nachgewiesen auch das Risiko f\u00fcr davon ausgehende Folgen f\u00fcr die Gesundheit.<\/p>\n<p style=\"padding-left: 30px;\">Fluoridierung zur Zahnschmelzh\u00e4rtung<\/p>\n<p style=\"padding-left: 60px;\">Fluoride sind wichtig, um den Zahnschmelz zu h\u00e4rten und ihn widerstandsf\u00e4higer gegen Bakterienattacken zu machen. Sie sind die wichtigste Karies-pr\u00e4ventive Ma\u00dfnahme!<br \/>\nAchten Sie darauf, eine Zahnpasta zu verwenden, die Fluoride enth\u00e4lt (bei Erwachsenen 1450ppm Fluorid).<br \/>\nPatienten mit erh\u00f6htem Kariesrisiko sollten zus\u00e4tzlich zuhause ein Fluoridgel verwenden.<\/p>\n<h3 style=\"padding-left: 30px;\">Zahngesunde Ern\u00e4hrung<\/h3>\n<p style=\"padding-left: 60px;\">Eine richtige Ern\u00e4hrung ist f\u00fcr den Erhalt der Gesundheit und somit auch der Z\u00e4hne von gro\u00dfer Bedeutung.<br \/>\nSoweit wie m\u00f6glich, sollte auf eine unangemessen hohe Einnahme zuckerhaltiger Speisen und Getr\u00e4nke verzichtet werden. Dabei sollte folgendes beachtet werden:<br \/>\nS\u00fc\u00dfigkeiten sollten nicht \u00fcber den Tag verteilt gegessen werden. Lieber einmal am Tag, z.B. nach einer Hauptmahlzeit essen.<br \/>\nAchtung vor \u201eversteckten Zuckern\u201c (z.B. in M\u00fcsli, Joghurt, Ketchup, Honig, Cola, Limo, Apfelsaft) und St\u00e4rkeprodukten (z.B. Geb\u00e4ck, Kartoffelchips)!<\/p>\n<p style=\"padding-left: 60px;\">Das \u201eZahnm\u00e4nnchen\u201c kennzeichnet Nahrungsmittel die nicht Karies-f\u00f6rdernd sind.<img decoding=\"async\" class=\"alignright size-full wp-image-1616\" src=\"\/wp-content\/uploads\/static-export\/wp-content\/uploads\/2018\/05\/zf_getestet_web.jpg\" alt=\"zahnarzt\" width=\"84\" height=\"85\" \/><br \/>\nEine Zahngesunde Ern\u00e4hrung bedeutet aber nicht nur auf S\u00fc\u00dfes zu verzichten.<br \/>\nWichtig sind Lebensmittel, die ordentlich gekaut werden, z.B. Getreide und rohes Gem\u00fcse. Dadurch werden die Z\u00e4hne mechanisch gereinigt und die Speichelproduktion wird angeregt.<\/p>\n<p style=\"padding-left: 60px;\">Obst und Gem\u00fcse ist grunds\u00e4tzlich Zahngesund, jedoch sollte darauf geachtet werden, dass S\u00e4ure den Zahnschmelz ebenfalls sch\u00e4digen kann. Wichtig ist in diesem Zusammenhang, nach dem Verzehr von s\u00e4urehaltigen Speisen, wie z.B. Zitrusfr\u00fcchte, den Mund mit Wasser zu sp\u00fclen. Zuckerfreie Kaugummis k\u00f6nnen bei der Neutralisation der S\u00e4ure helfen.<br \/>\nAchtung: Z\u00e4hneputzen erst eine halbe Stunde nach dem Verzehr von s\u00e4urehaltigen Nahrungsmitteln!!<br \/>\nWichtige N\u00e4hrstoffe sind zudem die Vitamine A,C,D,E,H,K und Fols\u00e4ure sowie die Mineralstoffe Kalzium und Fluorid.<\/p>\n<h3 style=\"padding-left: 30px;\">Vermeidung von Risikofaktoren (Stress, Rauchen, etc.)<\/h3>\n<p style=\"padding-left: 60px;\">Zu viel Stress mindert die Abwehrkr\u00e4fte und beg\u00fcnstigt Krankheiten. \u00dcbrigens erkennt man Stress oft auch an den Z\u00e4hnen, zum Beispiel, wenn diese durch st\u00e4ndiges <a href=\"\/kiefergelenkserkrankungen\/\">Knirschen (Bruxismus)<\/a> abradiert sind.<br \/>\nStress wird von der Mehrzahl der Bev\u00f6lkerung durch Knirschen und\/oder Pressen mit den Z\u00e4hnen kompensiert, was durch z.T. starke Abrassionen der Z\u00e4hne und Zahnhalsdefekte f\u00fcr den Zahnarzt sichtbar wird.<\/p>\n","protected":false},"excerpt":{"rendered":"<p>Zahn- und Mundgesundheits Was jeder f\u00fcr seine Mundgesundheit tun kann Voraussetzung sind die folgenden wichtigen Vorsorge-Bausteine: Sorgf\u00e4ltige h\u00e4usliche Zahnpflege Voraussetzung f\u00fcr gesunde Z\u00e4hne ist die richtige und konsequente Zahnpflege ein Leben lang! Die Z\u00e4hne m\u00fcssen 2x t\u00e4glich gr\u00fcndlich mit einer Zahnb\u00fcrste geputzt werden. Davon mindestens einmal kombiniert mit Zahnseide bzw. Zahnzwischenraumb\u00fcrste. Da sich auch auf [&hellip;]<\/p>\n","protected":false},"author":2,"featured_media":1615,"parent":0,"menu_order":0,"comment_status":"closed","ping_status":"closed","template":"","meta":{"footnotes":""},"rttpg_featured_image_url":{"full":["\/wp-content\/uploads\/static-export\/wp-content\/uploads\/2018\/05\/Zahnbrste_3.jpg",448,298,false],"landscape":["\/wp-content\/uploads\/static-export\/wp-content\/uploads\/2018\/05\/Zahnbrste_3.jpg",448,298,false],"portraits":["\/wp-content\/uploads\/static-export\/wp-content\/uploads\/2018\/05\/Zahnbrste_3.jpg",448,298,false],"thumbnail":["\/wp-content\/uploads\/static-export\/wp-content\/uploads\/2018\/05\/Zahnbrste_3-150x150.jpg",150,150,true],"medium":["\/wp-content\/uploads\/static-export\/wp-content\/uploads\/2018\/05\/Zahnbrste_3-300x200.jpg",300,200,true],"large":["\/wp-content\/uploads\/static-export\/wp-content\/uploads\/2018\/05\/Zahnbrste_3.jpg",448,298,false],"1536x1536":["\/wp-content\/uploads\/static-export\/wp-content\/uploads\/2018\/05\/Zahnbrste_3.jpg",448,298,false],"2048x2048":["\/wp-content\/uploads\/static-export\/wp-content\/uploads\/2018\/05\/Zahnbrste_3.jpg",448,298,false]},"rttpg_author":{"display_name":"Zahnarzt","author_link":"\/zahnarzt-lehel-altstadt\/author\/zahnarzt\/"},"rttpg_comment":0,"rttpg_category":null,"rttpg_excerpt":"Zahn- und Mundgesundheits Was jeder f\u00fcr seine Mundgesundheit tun kann Voraussetzung sind die folgenden wichtigen Vorsorge-Bausteine: Sorgf\u00e4ltige h\u00e4usliche Zahnpflege Voraussetzung f\u00fcr gesunde Z\u00e4hne ist die richtige und konsequente Zahnpflege ein Leben lang! Die Z\u00e4hne m\u00fcssen 2x t\u00e4glich gr\u00fcndlich mit einer Zahnb\u00fcrste geputzt werden. Davon mindestens einmal kombiniert mit Zahnseide bzw. Zahnzwischenraumb\u00fcrste. Da sich auch auf&hellip;","_links":{"self":[{"href":"\/wp-content\/uploads\/static-export\/wp-json\/wp\/v2\/pages\/1614"}],"collection":[{"href":"\/wp-content\/uploads\/static-export\/wp-json\/wp\/v2\/pages"}],"about":[{"href":"\/wp-content\/uploads\/static-export\/wp-json\/wp\/v2\/types\/page"}],"author":[{"embeddable":true,"href":"\/wp-content\/uploads\/static-export\/wp-json\/wp\/v2\/users\/2"}],"replies":[{"embeddable":true,"href":"\/wp-content\/uploads\/static-export\/wp-json\/wp\/v2\/comments?post=1614"}],"version-history":[{"count":9,"href":"\/wp-content\/uploads\/static-export\/wp-json\/wp\/v2\/pages\/1614\/revisions"}],"predecessor-version":[{"id":2762,"href":"\/wp-content\/uploads\/static-export\/wp-json\/wp\/v2\/pages\/1614\/revisions\/2762"}],"wp:featuredmedia":[{"embeddable":true,"href":"\/wp-content\/uploads\/static-export\/wp-json\/wp\/v2\/media\/1615"}],"wp:attachment":[{"href":"\/wp-content\/uploads\/static-export\/wp-json\/wp\/v2\/media?parent=1614"}],"curies":[{"name":"wp","href":"https:\/\/api.w.org\/{rel}","templated":true}]}}