{"id":1544,"date":"2018-05-22T11:00:20","date_gmt":"2018-05-22T09:00:20","guid":{"rendered":"http:\/\/lehel.solutions.codes\/?page_id=1544"},"modified":"2023-05-22T12:33:11","modified_gmt":"2023-05-22T10:33:11","slug":"das-team","status":"publish","type":"page","link":"\/das-team\/","title":{"rendered":"Ihre Zahn\u00e4rzte im Lehel"},"content":{"rendered":"<p>[vc_row][vc_column][vc_column_text]<\/p>\n<h1 style=\"text-align: center;\">Ihre Zahn\u00e4rzte im Lehel &#8211; Team<\/h1>\n<p>[\/vc_column_text][\/vc_column][\/vc_row][vc_row][vc_column][vc_column_text]<img decoding=\"async\" class=\"size-full wp-image-3233 aligncenter\" src=\"\/wp-content\/uploads\/static-export\/wp-content\/uploads\/2021\/11\/zahnarzt-im-lehel-1.jpg\" alt=\"Zahnarzt M\u00fcnchen Team\" width=\"1800\" height=\"885\" \/>[\/vc_column_text][\/vc_column][\/vc_row][vc_row][vc_column][vc_column_text]<strong>Dr. med. dent. Sasan Harun-Mahdavi<\/strong><\/p>\n<p><a href=\"\/wp-content\/uploads\/static-export\/wp-content\/uploads\/zahnarzt-dr-harun-mahdavi.jpg\"><img decoding=\"async\" class=\"wp-image-3630 size-thumbnail alignleft\" src=\"\/wp-content\/uploads\/static-export\/wp-content\/uploads\/zahnarzt-dr-harun-mahdavi-150x150.jpg\" alt=\"\" width=\"150\" height=\"150\" \/><\/a>Der geb\u00fcrtige M\u00fcnchner absolvierte sein Studium der Zahnmedizin von 1988-1994 an der Ludwig-Maximilians-Universit\u00e4t in der Landeshauptstadt. Seit 1997 ist er als niedergelassener Zahnarzt Inhaber der Praxis Zahn\u00e4rzte im Lehel. Zusammen mit seinem Team stellt er das Team Zahn\u00e4rzte im Lehel erfolgreich dar. Das freundliche, hoch motivierte und kompetente Team von Zahn\u00e4rzte im Lehel freut sich auf Ihrem Besuch.<\/p>\n<p>Als Gr\u00fcndungs- und Vorstandsmitglied engagiert er sich auch seit 1993 im Verein Leben &amp; Leben Lassen e.V. &#8211; zur Verwirklichung der Menschenrechte f\u00fcr die B\u00fcrger in M\u00fcnchen. Er ist weiterhin Mitglied in der Deutschen Gesellschaft f\u00fcr \u00c4sthetische Zahnheilkunde DG\u00c4Z, in der Deutschen Gesellschaft f\u00fcr Chirotherapie und Osteopathie e.V. DGCO, im Freien Verband Deutscher Zahn\u00e4rzte FVDZ, in der Bayerischen Landeszahn\u00e4rztekammer BLZK, Kassenzahn\u00e4rztliche Vereinigung Bayern KZVB, Zahn\u00e4rztlicher Bezirksverband M\u00fcnchen ZBV, Amnesty International M\u00fcnchen, Malteser e.V. &#8211; Dr. med. dent. Sasan Harun-Mahdavi[\/vc_column_text][vc_separator][vc_column_text]<iframe class=\"doctify-widget\" src=\"https:\/\/www.doctify.com\/wv2\/average-carousel-rating-widget?dotsArrowsColor=4C5870&amp;keyword=\u00c4sthetische Zahnmedizin&amp;language=de&amp;profileType=specialist&amp;slugs=sasan-harun-mahdavi&amp;tenantId=athena-de&amp;theme=darkNavy&amp;widgetName=average-carousel-rating-widget\" name=\"average-carousel-rating-widget\" width=\"100%\" frameborder=\"0\" scrolling=\"no\"> Browser doesn&#8217;t support frames<\/iframe>[\/vc_column_text][vc_separator][\/vc_column][\/vc_row][vc_row][vc_column][vc_column_text]<strong><img decoding=\"async\" class=\"alignleft wp-image-3293 size-thumbnail\" src=\"\/wp-content\/uploads\/static-export\/wp-content\/uploads\/2022\/01\/Zlateva-150x150.jpg\" alt=\"\" width=\"150\" height=\"150\" \/>Zahn\u00e4rztin Stiliyana Zlateva<\/strong><\/p>\n<p>Frau Zlateva absolvierte das Studium der Zahnmedizin an der LMU M\u00fcnchen. Sie steht Ihnen f\u00fcr s\u00e4mtliche Anliegen rund um Ihre Zahngesundheit und Zahn\u00e4sthetik zur Verf\u00fcgung.<br \/>\nUnsere Patienten sch\u00e4tzen ihre ruhige und professionelle Art. Auch Angstpatienten und Kinder f\u00fchlen sich bei ihr sehr wohl.[\/vc_column_text][vc_separator][\/vc_column][\/vc_row][vc_row][vc_column][vc_column_text]<strong><img decoding=\"async\" class=\"alignleft size-full wp-image-1577\" src=\"\/wp-content\/uploads\/static-export\/wp-content\/uploads\/2018\/05\/engelmann.jpg\" alt=\"zahnarzt muenchen\" width=\"106\" height=\"159\" \/>Dr. med. dent. Louisa Pex <\/strong>(geb. Engelmann)<\/p>\n<p>Dr. Pex absolvierte das Studium der Zahnmedizin an der Westf\u00e4lischen-Wilhelms-Universit\u00e4t in M\u00fcnster von 2006 bis 2011. Nach ihrem Examen arbeitete sie zun\u00e4chst in Frankfurt am Main.<\/p>\n<p>Seit Anfang 2014 verst\u00e4rkt Frau Dr. Pex unser Team der Zahn\u00e4rzte im Lehel.[\/vc_column_text][vc_separator][\/vc_column][\/vc_row][vc_row][vc_column][vc_column_text]<img decoding=\"async\" class=\"alignleft size-full wp-image-1578\" src=\"\/wp-content\/uploads\/static-export\/wp-content\/uploads\/2018\/05\/ADEL.jpg\" alt=\"zahnarzt muenchen\" width=\"106\" height=\"159\" \/> <strong>Adel Tepfenhart <\/strong>(Praxismanagement, ZMV\/ZMF)<\/p>\n<p>Frau Tepfenhart absolvierte ihre Ausbildung zur Zahnmedizinischen Verwaltungs- und Fachangestellten in M\u00fcnchen. Seit 1997 ist Frau Tepfenhart fester Bestandteil des Teams unter der Leitung von Dr. Harun-Mahdavi. Seit 2000 leitet sie in der Praxis den Bereich der Prophylaxe und seit 2010 den Bereich der Teamorganisation.[\/vc_column_text][vc_separator][\/vc_column][\/vc_row][vc_row][vc_column][vc_column_text]<img decoding=\"async\" class=\"alignleft size-full wp-image-1581\" src=\"\/wp-content\/uploads\/static-export\/wp-content\/uploads\/2018\/05\/Angelika.jpg\" alt=\"zahnarzt muenchen\" width=\"106\" height=\"159\" \/> <strong>Angelika David <\/strong>(Physiotherapeutin und Osteopathin)<\/p>\n<p>seit 2008 in der Praxis Zahn\u00e4rzte im Lehel t\u00e4tig, therapiert und betreut manualtherapeutisch unsere Patienten mit TMJ\/CMD Symptomen.[\/vc_column_text][\/vc_column][\/vc_row]<\/p>\n","protected":false},"excerpt":{"rendered":"<p>[vc_row][vc_column][vc_column_text] Ihre Zahn\u00e4rzte im Lehel &#8211; Team [\/vc_column_text][\/vc_column][\/vc_row][vc_row][vc_column][vc_column_text][\/vc_column_text][\/vc_column][\/vc_row][vc_row][vc_column][vc_column_text]Dr. med. dent. Sasan Harun-Mahdavi Der geb\u00fcrtige M\u00fcnchner absolvierte sein Studium der Zahnmedizin von 1988-1994 an der Ludwig-Maximilians-Universit\u00e4t in der Landeshauptstadt. Seit 1997 ist er als niedergelassener Zahnarzt Inhaber der Praxis Zahn\u00e4rzte im Lehel. Zusammen mit seinem Team stellt er das Team Zahn\u00e4rzte im Lehel erfolgreich dar. Das [&hellip;]<\/p>\n","protected":false},"author":2,"featured_media":3230,"parent":0,"menu_order":0,"comment_status":"closed","ping_status":"closed","template":"templates\/template-page-full-width.php","meta":{"footnotes":""},"rttpg_featured_image_url":{"full":["\/wp-content\/uploads\/static-export\/wp-content\/uploads\/2021\/11\/DSC9682.jpg",4928,3264,false],"landscape":["\/wp-content\/uploads\/static-export\/wp-content\/uploads\/2021\/11\/DSC9682.jpg",4928,3264,false],"portraits":["\/wp-content\/uploads\/static-export\/wp-content\/uploads\/2021\/11\/DSC9682.jpg",4928,3264,false],"thumbnail":["\/wp-content\/uploads\/static-export\/wp-content\/uploads\/2021\/11\/DSC9682-150x150.jpg",150,150,true],"medium":["\/wp-content\/uploads\/static-export\/wp-content\/uploads\/2021\/11\/DSC9682-300x199.jpg",300,199,true],"large":["\/wp-content\/uploads\/static-export\/wp-content\/uploads\/2021\/11\/DSC9682-1024x678.jpg",1024,678,true],"1536x1536":["\/wp-content\/uploads\/static-export\/wp-content\/uploads\/2021\/11\/DSC9682.jpg",1536,1017,false],"2048x2048":["\/wp-content\/uploads\/static-export\/wp-content\/uploads\/2021\/11\/DSC9682.jpg",2048,1356,false]},"rttpg_author":{"display_name":"Zahnarzt","author_link":"\/zahnarzt-lehel-altstadt\/author\/zahnarzt\/"},"rttpg_comment":0,"rttpg_category":null,"rttpg_excerpt":"[vc_row][vc_column][vc_column_text] Ihre Zahn\u00e4rzte im Lehel &#8211; Team [\/vc_column_text][\/vc_column][\/vc_row][vc_row][vc_column][vc_column_text][\/vc_column_text][\/vc_column][\/vc_row][vc_row][vc_column][vc_column_text]Dr. med. dent. Sasan Harun-Mahdavi Der geb\u00fcrtige M\u00fcnchner absolvierte sein Studium der Zahnmedizin von 1988-1994 an der Ludwig-Maximilians-Universit\u00e4t in der Landeshauptstadt. Seit 1997 ist er als niedergelassener Zahnarzt Inhaber der Praxis Zahn\u00e4rzte im Lehel. Zusammen mit seinem Team stellt er das Team Zahn\u00e4rzte im Lehel erfolgreich dar. Das&hellip;","_links":{"self":[{"href":"\/wp-content\/uploads\/static-export\/wp-json\/wp\/v2\/pages\/1544"}],"collection":[{"href":"\/wp-content\/uploads\/static-export\/wp-json\/wp\/v2\/pages"}],"about":[{"href":"\/wp-content\/uploads\/static-export\/wp-json\/wp\/v2\/types\/page"}],"author":[{"embeddable":true,"href":"\/wp-content\/uploads\/static-export\/wp-json\/wp\/v2\/users\/2"}],"replies":[{"embeddable":true,"href":"\/wp-content\/uploads\/static-export\/wp-json\/wp\/v2\/comments?post=1544"}],"version-history":[{"count":38,"href":"\/wp-content\/uploads\/static-export\/wp-json\/wp\/v2\/pages\/1544\/revisions"}],"predecessor-version":[{"id":3702,"href":"\/wp-content\/uploads\/static-export\/wp-json\/wp\/v2\/pages\/1544\/revisions\/3702"}],"wp:featuredmedia":[{"embeddable":true,"href":"\/wp-content\/uploads\/static-export\/wp-json\/wp\/v2\/media\/3230"}],"wp:attachment":[{"href":"\/wp-content\/uploads\/static-export\/wp-json\/wp\/v2\/media?parent=1544"}],"curies":[{"name":"wp","href":"https:\/\/api.w.org\/{rel}","templated":true}]}}